{"id":1366,"date":"2025-09-11T19:54:00","date_gmt":"2025-09-11T17:54:00","guid":{"rendered":"https:\/\/medea-live.com\/?page_id=1366"},"modified":"2025-10-09T16:58:32","modified_gmt":"2025-10-09T14:58:32","slug":"datenschutzerklaerung","status":"publish","type":"page","link":"https:\/\/medea-live.com\/de\/datenschutzerklaerung\/","title":{"rendered":"Datenschutzerkl\u00e4rung"},"content":{"rendered":"<div class=\"wpb-content-wrapper\"><section id=\"ut-section-69e0876a930f4\" data-section-title=\"Typography\" data-vc-full-width=\"true\" data-vc-full-width-init=\"false\" data-cursor-skin=\"global\" class=\"vc_section ut-vc-160 vc_section-has-fill ut-section-69e0876a93115\"><div id=\"ut-row-69e0876a946d4\" data-vc-full-width=\"true\" data-vc-full-width-init=\"false\" class=\"vc_row wpb_row vc_row-fluid vc_column-gap-0 ut-row-69e0876a946eb\" ><div class=\"wpb_column vc_column_container vc_col-sm-12\" ><div id=\"ut_inner_column_69e0876a95704\" class=\"vc_column-inner \" ><div class=\"wpb_wrapper\"><style type=\"text\/css\">#ut_custom_heading69e0876a95943 { color:#ffffff; }#ut_custom_heading69e0876a95943 { font-size:25px !important;letter-spacing:-0.05em; }#ut_custom_heading69e0876a95943 { text-align:left; }@media (min-width: 768px) and (max-width: 1024px) { #ut_custom_heading69e0876a95943 { text-align:left; } }@media (max-width: 767px) { #ut_custom_heading69e0876a95943 { text-align:left; } }<\/style><h2 id=\"ut_custom_heading69e0876a95943\" data-responsive-font=\"h2\" data-responsive-font-settings=\"{&quot;base-font-size&quot;:&quot;global&quot;,&quot;font-size&quot;:{&quot;desktop_large&quot;:&quot;25&quot;},&quot;base-line-height&quot;:&quot;global&quot;,&quot;base-letter-spacing&quot;:&quot;global&quot;,&quot;letter-spacing&quot;:{&quot;desktop_large&quot;:&quot;-0.05&quot;}}\" class=\"ut-custom-heading-module  \" ><span class=\"\" >Datenschutzerkl\u00e4rung<\/span><\/h2><style type=\"text\/css\">#ut_custom_heading69e0876a9eb92 { color:#ffffff; }#ut_custom_heading69e0876a9eb92 { font-size:14px !important;line-height:28px !important; }#ut_custom_heading69e0876a9eb92 { text-align:left; }@media (min-width: 768px) and (max-width: 1024px) { #ut_custom_heading69e0876a9eb92 { text-align:left; } }@media (max-width: 767px) { #ut_custom_heading69e0876a9eb92 { text-align:left; } }<\/style><div id=\"ut_custom_heading69e0876a9eb92\" data-responsive-font=\"div\" data-responsive-font-settings=\"{&quot;base-font-size&quot;:&quot;global&quot;,&quot;font-size&quot;:{&quot;desktop_large&quot;:&quot;14&quot;},&quot;base-line-height&quot;:&quot;global&quot;,&quot;line-height&quot;:{&quot;desktop_large&quot;:&quot;28&quot;},&quot;base-letter-spacing&quot;:&quot;global&quot;}\" class=\"ut-custom-heading-module  \" ><span class=\"\" >Einleitung<\/p>\n<p>Der Schutz Ihrer personenbezogenen Daten ist uns ein wichtiges Anliegen. Mit den folgenden Hinweisen m\u00f6chten wir Sie \u00fcber die Verarbeitung Ihrer Daten im Zusammenhang mit der Nutzung unserer Website informieren.<\/p>\n<p>1. Begriffsbestimmungen<\/p>\n<p>Diese Datenschutzerkl\u00e4rung beruht auf den Begrifflichkeiten, die durch den Europ\u00e4ischen Gesetzgeber beim Erlass der Datenschutz-Grundverordnung (DSGVO) verwendet wurden. Um die Lesbarkeit zu erleichtern, m\u00f6chten wir zentrale Begriffe vorab erl\u00e4utern:<br \/>\n&#8211; Personenbezogene Daten: Alle Informationen, die sich auf eine identifizierte oder identifizierbare nat\u00fcrliche Person beziehen.<br \/>\n&#8211; Verarbeitung: Jeder Vorgang im Zusammenhang mit personenbezogenen Daten (z. B. Erhebung, Speicherung, Nutzung, \u00dcbermittlung oder L\u00f6schung).<br \/>\n&#8211; Verantwortlicher: Die nat\u00fcrliche oder juristische Person, die allein oder gemeinsam \u00fcber die Zwecke und Mittel der Verarbeitung entscheidet.<br \/>\n&#8211; Auftragsverarbeiter: Eine Stelle, die personenbezogene Daten im Auftrag des Verantwortlichen verarbeitet.<\/p>\n<p>2. Name und Anschrift des Verantwortlichen<\/p>\n<p>Julia Frank<br \/>\nCarl-Benz-Str. 21, 60386 Frankfurt<br \/>\njulia@medea-live.com<\/p>\n<p>3. Allgemeines zur Datenverarbeitung<\/p>\n<p>Wir verarbeiten personenbezogene Daten unserer Nutzer grunds\u00e4tzlich nur, soweit dies zur Bereitstellung einer funktionsf\u00e4higen Website sowie unserer Inhalte und Leistungen erforderlich ist. Die Verarbeitung personenbezogener Daten unserer Nutzer erfolgt regelm\u00e4\u00dfig nur nach Einwilligung des Nutzers. Eine Ausnahme gilt in solchen F\u00e4llen, in denen eine vorherige Einholung einer Einwilligung aus tats\u00e4chlichen Gr\u00fcnden nicht m\u00f6glich ist und die Verarbeitung der Daten durch gesetzliche Vorschriften gestattet ist.<\/p>\n<p>4. Hosting durch Hetzner<\/p>\n<p>Unsere Website wird auf Servern der Hetzner Online GmbH, Industriestr. 25, 91710 Gunzenhausen, Deutschland, gehostet. Mit Hetzner besteht ein Auftragsverarbeitungsvertrag gem. Art. 28 DSGVO. Hetzner speichert Logfiles, die f\u00fcr den sicheren und stabilen Betrieb der Website erforderlich sind.<\/p>\n<p>Folgende Daten k\u00f6nnen hierbei verarbeitet werden:<br \/>\n&#8211; IP-Adresse<br \/>\n&#8211; Datum und Uhrzeit des Zugriffs<br \/>\n&#8211; Name der abgerufenen Datei<br \/>\n&#8211; \u00dcbertragene Datenmenge<br \/>\n&#8211; Meldung \u00fcber erfolgreichen Abruf<br \/>\n&#8211; Browsertyp nebst Version, Betriebssystem des Nutzers<br \/>\n&#8211; Referrer URL<\/p>\n<p>Die Speicherung dieser Daten in Logfiles erfolgt auf Grundlage von Art. 6 Abs. 1 lit. f DSGVO.<\/p>\n<p>5. Kontaktaufnahme \u00fcber die Website<\/p>\n<p>Auf unserer Website ist ein Kontaktformular vorhanden, das f\u00fcr die elektronische Kontaktaufnahme genutzt werden kann. Nimmt ein Nutzer diese M\u00f6glichkeit wahr, so werden die in der Eingabemaske eingegebenen Daten an uns \u00fcbermittelt und gespeichert.<\/p>\n<p>Diese Daten sind:<br \/>\n&#8211; Name<br \/>\n&#8211; E-Mail-Adresse<br \/>\n&#8211; ggf. Telefonnummer<br \/>\n&#8211; Inhalt der Nachricht<\/p>\n<p>Zum Zeitpunkt der Absendung der Nachricht werden zudem gespeichert:<br \/>\n&#8211; IP-Adresse des Nutzers<br \/>\n&#8211; Datum und Uhrzeit der \u00dcbermittlung<\/p>\n<p>Die Daten werden ausschlie\u00dflich f\u00fcr die Verarbeitung der Konversation verwendet. Rechtsgrundlage ist Art. 6 Abs. 1 lit. b DSGVO sowie Art. 6 Abs. 1 lit. f DSGVO.<\/p>\n<p>6. Verwendung von Google Fonts<\/p>\n<p>Unsere Website nutzt zur einheitlichen Darstellung von Schriftarten sogenannte Google Fonts. Diese sind lokal eingebunden, sodass beim Aufruf der Website grunds\u00e4tzlich keine Verbindung zu Servern von Google hergestellt wird.<\/p>\n<p>Es kann jedoch durch zuk\u00fcnftige \u00c4nderungen, Updates oder bestimmte Plugins dazu kommen, dass Fonts von den Servern der Google LLC, 1600 Amphitheatre Parkway, Mountain View, CA 94043, USA, geladen werden. In diesem Fall erlangt Google Kenntnis dar\u00fcber, dass von Ihrer IP-Adresse unsere Website aufgerufen wurde.<\/p>\n<p>Die Nutzung von Google Fonts erfolgt im Interesse einer einheitlichen und ansprechenden Darstellung unserer Website. Rechtsgrundlage ist Art. 6 Abs. 1 lit. f DSGVO.<\/p>\n<p>Weitere Informationen zu Google Fonts finden Sie unter: https:\/\/developers.google.com\/fonts\/faq<br \/>\nund in der Datenschutzerkl\u00e4rung von Google: https:\/\/policies.google.com\/privacy<\/p>\n<p>7. Cookies<\/p>\n<p>Unsere Website verwendet ausschlie\u00dflich technisch notwendige Cookies. Cookies sind kleine Textdateien, die auf Ihrem Endger\u00e4t gespeichert werden, um die Nutzung der Website zu erm\u00f6glichen.<\/p>\n<p>Die Rechtsgrundlage f\u00fcr den Einsatz von Cookies ist Art. 6 Abs. 1 lit. f DSGVO.<\/p>\n<p>8. SSL-\/TLS-Verschl\u00fcsselung<\/p>\n<p>Unsere Website nutzt eine SSL-\/TLS-Verschl\u00fcsselung. Eine verschl\u00fcsselte Verbindung erkennen Sie an der Adresszeile des Browsers (\u201ehttps:\/\/\u201c) und am Schloss-Symbol in der Browserzeile.<\/p>\n<p>9. Rechte der betroffenen Personen<\/p>\n<p>Sie haben gegen\u00fcber uns folgende Rechte hinsichtlich Ihrer personenbezogenen Daten:<br \/>\n&#8211; Recht auf Auskunft (Art. 15 DSGVO)<br \/>\n&#8211; Recht auf Berichtigung (Art. 16 DSGVO)<br \/>\n&#8211; Recht auf L\u00f6schung (Art. 17 DSGVO)<br \/>\n&#8211; Recht auf Einschr\u00e4nkung der Verarbeitung (Art. 18 DSGVO)<br \/>\n&#8211; Recht auf Daten\u00fcbertragbarkeit (Art. 20 DSGVO)<br \/>\n&#8211; Recht auf Widerruf einer Einwilligung (Art. 7 Abs. 3 DSGVO)<br \/>\n&#8211; Recht auf Widerspruch gegen die Verarbeitung (Art. 21 DSGVO)<br \/>\n&#8211; Recht auf Beschwerde bei einer Aufsichtsbeh\u00f6rde (Art. 77 DSGVO)<\/p>\n<p>10. Widerspruchsrecht nach Art. 21 DSGVO<\/p>\n<p>Sie haben das Recht, aus Gr\u00fcnden, die sich aus Ihrer besonderen Situation ergeben, jederzeit gegen die Verarbeitung Sie betreffender personenbezogener Daten, die aufgrund von Art. 6 Abs. 1 lit. f DSGVO erfolgt, Widerspruch einzulegen.<\/p>\n<p>11. \u00c4nderungen der Datenschutzerkl\u00e4rung<\/p>\n<p>Wir behalten uns vor, diese Datenschutzerkl\u00e4rung gelegentlich anzupassen, damit sie stets den aktuellen rechtlichen Anforderungen entspricht oder um \u00c4nderungen unserer Leistungen in der Datenschutzerkl\u00e4rung umzusetzen.<\/span><\/div><\/div><\/div><\/div><\/div><div class=\"vc_row-full-width vc_clearfix\"><\/div><div id=\"ut-row-69e0876aa00d4\" data-vc-full-width=\"true\" data-vc-full-width-init=\"false\" class=\"vc_row wpb_row vc_row-fluid vc_column-gap-0 ut-row-69e0876aa00fa\" ><div class=\"wpb_column vc_column_container vc_col-sm-12\" ><div id=\"ut_inner_column_69e0876aa1369\" class=\"vc_column-inner \" ><div class=\"wpb_wrapper\"><\/div><\/div><\/div><\/div><div class=\"vc_row-full-width vc_clearfix\"><\/div><a data-id=\"section-without-id\" class=\"ut-vc-offset-anchor-bottom\" name=\"section-without-id\"><\/a><style type=\"text\/css\">#ut-section-69e0876a930f4{padding-top: 70px !important;background-color: #000000 !important;background-position:center top !important;;} <\/style><\/section><div class=\"vc_row-full-width vc_clearfix\"><\/div>\n<\/div>","protected":false},"excerpt":{"rendered":"Datenschutzerkl\u00e4rungEinleitung Der Schutz Ihrer personenbezogenen Daten ist uns ein wichtiges Anliegen. Mit den folgenden Hinweisen m\u00f6chten wir Sie \u00fcber die Verarbeitung Ihrer Daten im Zusammenhang mit der Nutzung unserer Website informieren. 1. Begriffsbestimmungen Diese Datenschutzerkl\u00e4rung beruht auf den Begrifflichkeiten, die durch den Europ\u00e4ischen Gesetzgeber beim Erlass der Datenschutz-Grundverordnung (DSGVO) verwendet wurden. Um die Lesbarkeit zu [...]","protected":false},"author":1,"featured_media":0,"parent":0,"menu_order":0,"comment_status":"closed","ping_status":"closed","template":"","meta":{"footnotes":""},"class_list":["post-1366","page","type-page","status-publish","hentry"],"yoast_head":"<!-- This site is optimized with the Yoast SEO plugin v27.1.1 - https:\/\/yoast.com\/product\/yoast-seo-wordpress\/ -->\n<title>Datenschutzerkl\u00e4rung - Medea Live<\/title>\n<meta name=\"robots\" content=\"noindex, nofollow\" \/>\n<meta property=\"og:locale\" content=\"de_DE\" \/>\n<meta property=\"og:type\" content=\"article\" \/>\n<meta property=\"og:title\" content=\"Datenschutzerkl\u00e4rung - Medea Live\" \/>\n<meta property=\"og:url\" content=\"https:\/\/medea-live.com\/de\/datenschutzerklaerung\/\" \/>\n<meta property=\"og:site_name\" content=\"Medea Live\" \/>\n<meta property=\"article:modified_time\" content=\"2025-10-09T14:58:32+00:00\" \/>\n<meta name=\"twitter:card\" content=\"summary_large_image\" \/>\n<meta name=\"twitter:label1\" content=\"Gesch\u00e4tzte Lesezeit\" \/>\n\t<meta name=\"twitter:data1\" content=\"5\u00a0Minuten\" \/>\n<script type=\"application\/ld+json\" class=\"yoast-schema-graph\">{\"@context\":\"https:\/\/schema.org\",\"@graph\":[{\"@type\":\"WebPage\",\"@id\":\"https:\/\/medea-live.com\/de\/datenschutzerklaerung\/\",\"url\":\"https:\/\/medea-live.com\/de\/datenschutzerklaerung\/\",\"name\":\"Datenschutzerkl\u00e4rung - Medea Live\",\"isPartOf\":{\"@id\":\"https:\/\/medea-live.com\/de\/#website\"},\"datePublished\":\"2025-09-11T17:54:00+00:00\",\"dateModified\":\"2025-10-09T14:58:32+00:00\",\"breadcrumb\":{\"@id\":\"https:\/\/medea-live.com\/de\/datenschutzerklaerung\/#breadcrumb\"},\"inLanguage\":\"de\",\"potentialAction\":[{\"@type\":\"ReadAction\",\"target\":[\"https:\/\/medea-live.com\/de\/datenschutzerklaerung\/\"]}]},{\"@type\":\"BreadcrumbList\",\"@id\":\"https:\/\/medea-live.com\/de\/datenschutzerklaerung\/#breadcrumb\",\"itemListElement\":[{\"@type\":\"ListItem\",\"position\":1,\"name\":\"Startseite\",\"item\":\"https:\/\/medea-live.com\/\"},{\"@type\":\"ListItem\",\"position\":2,\"name\":\"Datenschutzerkl\u00e4rung\"}]},{\"@type\":\"WebSite\",\"@id\":\"https:\/\/medea-live.com\/de\/#website\",\"url\":\"https:\/\/medea-live.com\/de\/\",\"name\":\"Medea Live\",\"description\":\"\",\"publisher\":{\"@id\":\"https:\/\/medea-live.com\/de\/#organization\"},\"potentialAction\":[{\"@type\":\"SearchAction\",\"target\":{\"@type\":\"EntryPoint\",\"urlTemplate\":\"https:\/\/medea-live.com\/de\/?s={search_term_string}\"},\"query-input\":{\"@type\":\"PropertyValueSpecification\",\"valueRequired\":true,\"valueName\":\"search_term_string\"}}],\"inLanguage\":\"de\"},{\"@type\":\"Organization\",\"@id\":\"https:\/\/medea-live.com\/de\/#organization\",\"name\":\"Medea Live\",\"url\":\"https:\/\/medea-live.com\/de\/\",\"logo\":{\"@type\":\"ImageObject\",\"inLanguage\":\"de\",\"@id\":\"https:\/\/medea-live.com\/de\/#\/schema\/logo\/image\/\",\"url\":\"https:\/\/medea-live.com\/wp-content\/uploads\/2025\/03\/Medea_Logo_farbig_RGB.png\",\"contentUrl\":\"https:\/\/medea-live.com\/wp-content\/uploads\/2025\/03\/Medea_Logo_farbig_RGB.png\",\"width\":2000,\"height\":2000,\"caption\":\"Medea Live\"},\"image\":{\"@id\":\"https:\/\/medea-live.com\/de\/#\/schema\/logo\/image\/\"}}]}<\/script>\n<!-- \/ Yoast SEO plugin. -->","yoast_head_json":{"title":"Datenschutzerkl\u00e4rung - Medea Live","robots":{"index":"noindex","follow":"nofollow"},"og_locale":"de_DE","og_type":"article","og_title":"Datenschutzerkl\u00e4rung - Medea Live","og_url":"https:\/\/medea-live.com\/de\/datenschutzerklaerung\/","og_site_name":"Medea Live","article_modified_time":"2025-10-09T14:58:32+00:00","twitter_card":"summary_large_image","twitter_misc":{"Gesch\u00e4tzte Lesezeit":"5\u00a0Minuten"},"schema":{"@context":"https:\/\/schema.org","@graph":[{"@type":"WebPage","@id":"https:\/\/medea-live.com\/de\/datenschutzerklaerung\/","url":"https:\/\/medea-live.com\/de\/datenschutzerklaerung\/","name":"Datenschutzerkl\u00e4rung - Medea Live","isPartOf":{"@id":"https:\/\/medea-live.com\/de\/#website"},"datePublished":"2025-09-11T17:54:00+00:00","dateModified":"2025-10-09T14:58:32+00:00","breadcrumb":{"@id":"https:\/\/medea-live.com\/de\/datenschutzerklaerung\/#breadcrumb"},"inLanguage":"de","potentialAction":[{"@type":"ReadAction","target":["https:\/\/medea-live.com\/de\/datenschutzerklaerung\/"]}]},{"@type":"BreadcrumbList","@id":"https:\/\/medea-live.com\/de\/datenschutzerklaerung\/#breadcrumb","itemListElement":[{"@type":"ListItem","position":1,"name":"Startseite","item":"https:\/\/medea-live.com\/"},{"@type":"ListItem","position":2,"name":"Datenschutzerkl\u00e4rung"}]},{"@type":"WebSite","@id":"https:\/\/medea-live.com\/de\/#website","url":"https:\/\/medea-live.com\/de\/","name":"Medea Live","description":"","publisher":{"@id":"https:\/\/medea-live.com\/de\/#organization"},"potentialAction":[{"@type":"SearchAction","target":{"@type":"EntryPoint","urlTemplate":"https:\/\/medea-live.com\/de\/?s={search_term_string}"},"query-input":{"@type":"PropertyValueSpecification","valueRequired":true,"valueName":"search_term_string"}}],"inLanguage":"de"},{"@type":"Organization","@id":"https:\/\/medea-live.com\/de\/#organization","name":"Medea Live","url":"https:\/\/medea-live.com\/de\/","logo":{"@type":"ImageObject","inLanguage":"de","@id":"https:\/\/medea-live.com\/de\/#\/schema\/logo\/image\/","url":"https:\/\/medea-live.com\/wp-content\/uploads\/2025\/03\/Medea_Logo_farbig_RGB.png","contentUrl":"https:\/\/medea-live.com\/wp-content\/uploads\/2025\/03\/Medea_Logo_farbig_RGB.png","width":2000,"height":2000,"caption":"Medea Live"},"image":{"@id":"https:\/\/medea-live.com\/de\/#\/schema\/logo\/image\/"}}]}},"_links":{"self":[{"href":"https:\/\/medea-live.com\/de\/wp-json\/wp\/v2\/pages\/1366","targetHints":{"allow":["GET"]}}],"collection":[{"href":"https:\/\/medea-live.com\/de\/wp-json\/wp\/v2\/pages"}],"about":[{"href":"https:\/\/medea-live.com\/de\/wp-json\/wp\/v2\/types\/page"}],"author":[{"embeddable":true,"href":"https:\/\/medea-live.com\/de\/wp-json\/wp\/v2\/users\/1"}],"replies":[{"embeddable":true,"href":"https:\/\/medea-live.com\/de\/wp-json\/wp\/v2\/comments?post=1366"}],"version-history":[{"count":6,"href":"https:\/\/medea-live.com\/de\/wp-json\/wp\/v2\/pages\/1366\/revisions"}],"predecessor-version":[{"id":1447,"href":"https:\/\/medea-live.com\/de\/wp-json\/wp\/v2\/pages\/1366\/revisions\/1447"}],"wp:attachment":[{"href":"https:\/\/medea-live.com\/de\/wp-json\/wp\/v2\/media?parent=1366"}],"curies":[{"name":"wp","href":"https:\/\/api.w.org\/{rel}","templated":true}]}}