{"id":1264,"date":"2025-03-25T16:24:10","date_gmt":"2025-03-25T15:24:10","guid":{"rendered":"https:\/\/medea-live.com\/?page_id=1264"},"modified":"2026-03-18T15:18:55","modified_gmt":"2026-03-18T14:18:55","slug":"impressum","status":"publish","type":"page","link":"https:\/\/medea-live.com\/de\/impressum\/","title":{"rendered":"Impressum"},"content":{"rendered":"<div class=\"wpb-content-wrapper\"><section id=\"ut-section-69e887a644e4e\" data-section-title=\"Typography\" data-vc-full-width=\"true\" data-vc-full-width-init=\"false\" data-cursor-skin=\"global\" class=\"vc_section ut-vc-160 vc_section-has-fill ut-section-69e887a644e71\"><div id=\"ut-row-69e887a64743e\" data-vc-full-width=\"true\" data-vc-full-width-init=\"false\" class=\"vc_row wpb_row vc_row-fluid vc_column-gap-0 ut-row-69e887a64745d\" ><div class=\"wpb_column vc_column_container vc_col-sm-12\" ><div id=\"ut_inner_column_69e887a648694\" class=\"vc_column-inner \" ><div class=\"wpb_wrapper\"><style type=\"text\/css\">#ut_custom_heading69e887a648829 { color:#ffffff; }#ut_custom_heading69e887a648829 { font-size:25px !important;letter-spacing:-0.05em; }#ut_custom_heading69e887a648829 { text-align:left; }@media (min-width: 768px) and (max-width: 1024px) { #ut_custom_heading69e887a648829 { text-align:left; } }@media (max-width: 767px) { #ut_custom_heading69e887a648829 { text-align:left; } }<\/style><h2 id=\"ut_custom_heading69e887a648829\" data-responsive-font=\"h2\" data-responsive-font-settings=\"{&quot;base-font-size&quot;:&quot;global&quot;,&quot;font-size&quot;:{&quot;desktop_large&quot;:&quot;25&quot;},&quot;base-line-height&quot;:&quot;global&quot;,&quot;base-letter-spacing&quot;:&quot;global&quot;,&quot;letter-spacing&quot;:{&quot;desktop_large&quot;:&quot;-0.05&quot;}}\" class=\"ut-custom-heading-module  \" ><span class=\"\" >Impressum<\/span><\/h2><style type=\"text\/css\">#ut_custom_heading69e887a64eb82 { color:#ffffff; }#ut_custom_heading69e887a64eb82 { font-size:14px !important;line-height:28px !important; }#ut_custom_heading69e887a64eb82 { text-align:left; }@media (min-width: 768px) and (max-width: 1024px) { #ut_custom_heading69e887a64eb82 { text-align:left; } }@media (max-width: 767px) { #ut_custom_heading69e887a64eb82 { text-align:left; } }<\/style><div id=\"ut_custom_heading69e887a64eb82\" data-responsive-font=\"div\" data-responsive-font-settings=\"{&quot;base-font-size&quot;:&quot;global&quot;,&quot;font-size&quot;:{&quot;desktop_large&quot;:&quot;14&quot;},&quot;base-line-height&quot;:&quot;global&quot;,&quot;line-height&quot;:{&quot;desktop_large&quot;:&quot;28&quot;},&quot;base-letter-spacing&quot;:&quot;global&quot;}\" class=\"ut-custom-heading-module  \" ><span class=\"\" >Angaben gem\u00e4\u00df \u00a7 5 TMG \/ \u00a7 18 Abs. 2 MStV<\/p>\n<p>Medea Live GmbH<br \/>\nCarl-Benz-Str. 21 \u2022 60386 Frankfurt<br \/>\nwww.medea-live.com<\/p>\n<p>Vertreten durch die Gesch\u00e4ftsf\u00fchrerin: Julia Frank<br \/>\njulia@medea-live.com<\/p>\n<p>Inhaltlich verantwortlich gem\u00e4\u00df \u00a7 18 Abs. 2 MStV:<br \/>\nDie Gesch\u00e4ftsf\u00fchrung, Julia Frank<br \/>\nAnschrift wie oben<\/p>\n<p>Urheberrecht und Haftungshinweis:<br \/>\nAlle Inhalte dieser Website, insbesondere Texte, Fotografien und Grafiken, sind urheberrechtlich gesch\u00fctzt. Eine Verwendung ohne ausdr\u00fcckliche Zustimmung ist nicht gestattet. Trotz sorgf\u00e4ltiger inhaltlicher Kontrolle \u00fcbernehmen wir keine Haftung f\u00fcr die Inhalte externer Links. F\u00fcr den Inhalt der verlinkten Seiten sind ausschlie\u00dflich deren Betreiber verantwortlich.<\/span><\/div><\/div><\/div><\/div><\/div><div class=\"vc_row-full-width vc_clearfix\"><\/div><div id=\"ut-row-69e887a64f886\" data-vc-full-width=\"true\" data-vc-full-width-init=\"false\" class=\"vc_row wpb_row vc_row-fluid vc_column-gap-0 ut-row-69e887a64f899\" ><div class=\"wpb_column vc_column_container vc_col-sm-12\" ><div id=\"ut_inner_column_69e887a65004c\" class=\"vc_column-inner \" ><div class=\"wpb_wrapper\"><\/div><\/div><\/div><\/div><div class=\"vc_row-full-width vc_clearfix\"><\/div><a data-id=\"section-without-id\" class=\"ut-vc-offset-anchor-bottom\" name=\"section-without-id\"><\/a><style type=\"text\/css\">#ut-section-69e887a644e4e{padding-top: 70px !important;background-color: #000000 !important;background-position:center top !important;;} <\/style><\/section><div class=\"vc_row-full-width vc_clearfix\"><\/div>\n<\/div>","protected":false},"excerpt":{"rendered":"ImpressumAngaben gem\u00e4\u00df \u00a7 5 TMG \/ \u00a7 18 Abs. 2 MStV Medea Live GmbH Carl-Benz-Str. 21 \u2022 60386 Frankfurt www.medea-live.com Vertreten durch die Gesch\u00e4ftsf\u00fchrerin: Julia Frank julia@medea-live.com Inhaltlich verantwortlich gem\u00e4\u00df \u00a7 18 Abs. 2 MStV: Die Gesch\u00e4ftsf\u00fchrung, Julia Frank Anschrift wie oben Urheberrecht und Haftungshinweis: Alle Inhalte dieser Website, insbesondere Texte, Fotografien und Grafiken, sind [...]","protected":false},"author":1,"featured_media":0,"parent":0,"menu_order":0,"comment_status":"closed","ping_status":"closed","template":"","meta":{"footnotes":""},"class_list":["post-1264","page","type-page","status-publish","hentry"],"yoast_head":"<!-- This site is optimized with the Yoast SEO plugin v27.1.1 - https:\/\/yoast.com\/product\/yoast-seo-wordpress\/ -->\n<title>Impressum - Medea Live<\/title>\n<meta name=\"robots\" content=\"noindex, nofollow\" \/>\n<meta property=\"og:locale\" content=\"de_DE\" \/>\n<meta property=\"og:type\" content=\"article\" \/>\n<meta property=\"og:title\" content=\"Impressum - Medea Live\" \/>\n<meta property=\"og:url\" content=\"https:\/\/medea-live.com\/de\/impressum\/\" \/>\n<meta property=\"og:site_name\" content=\"Medea Live\" \/>\n<meta property=\"article:modified_time\" content=\"2026-03-18T14:18:55+00:00\" \/>\n<meta name=\"twitter:card\" content=\"summary_large_image\" \/>\n<meta name=\"twitter:label1\" content=\"Gesch\u00e4tzte Lesezeit\" \/>\n\t<meta name=\"twitter:data1\" content=\"1\u00a0Minute\" \/>\n<script type=\"application\/ld+json\" class=\"yoast-schema-graph\">{\"@context\":\"https:\/\/schema.org\",\"@graph\":[{\"@type\":\"WebPage\",\"@id\":\"https:\/\/medea-live.com\/impressum\/\",\"url\":\"https:\/\/medea-live.com\/impressum\/\",\"name\":\"Impressum - Medea Live\",\"isPartOf\":{\"@id\":\"https:\/\/medea-live.com\/de\/#website\"},\"datePublished\":\"2025-03-25T15:24:10+00:00\",\"dateModified\":\"2026-03-18T14:18:55+00:00\",\"breadcrumb\":{\"@id\":\"https:\/\/medea-live.com\/impressum\/#breadcrumb\"},\"inLanguage\":\"de\",\"potentialAction\":[{\"@type\":\"ReadAction\",\"target\":[\"https:\/\/medea-live.com\/impressum\/\"]}]},{\"@type\":\"BreadcrumbList\",\"@id\":\"https:\/\/medea-live.com\/impressum\/#breadcrumb\",\"itemListElement\":[{\"@type\":\"ListItem\",\"position\":1,\"name\":\"Startseite\",\"item\":\"https:\/\/medea-live.com\/\"},{\"@type\":\"ListItem\",\"position\":2,\"name\":\"Impressum\"}]},{\"@type\":\"WebSite\",\"@id\":\"https:\/\/medea-live.com\/de\/#website\",\"url\":\"https:\/\/medea-live.com\/de\/\",\"name\":\"Medea Live\",\"description\":\"\",\"publisher\":{\"@id\":\"https:\/\/medea-live.com\/de\/#organization\"},\"potentialAction\":[{\"@type\":\"SearchAction\",\"target\":{\"@type\":\"EntryPoint\",\"urlTemplate\":\"https:\/\/medea-live.com\/de\/?s={search_term_string}\"},\"query-input\":{\"@type\":\"PropertyValueSpecification\",\"valueRequired\":true,\"valueName\":\"search_term_string\"}}],\"inLanguage\":\"de\"},{\"@type\":\"Organization\",\"@id\":\"https:\/\/medea-live.com\/de\/#organization\",\"name\":\"Medea Live\",\"url\":\"https:\/\/medea-live.com\/de\/\",\"logo\":{\"@type\":\"ImageObject\",\"inLanguage\":\"de\",\"@id\":\"https:\/\/medea-live.com\/de\/#\/schema\/logo\/image\/\",\"url\":\"https:\/\/medea-live.com\/wp-content\/uploads\/2025\/03\/Medea_Logo_farbig_RGB.png\",\"contentUrl\":\"https:\/\/medea-live.com\/wp-content\/uploads\/2025\/03\/Medea_Logo_farbig_RGB.png\",\"width\":2000,\"height\":2000,\"caption\":\"Medea Live\"},\"image\":{\"@id\":\"https:\/\/medea-live.com\/de\/#\/schema\/logo\/image\/\"}}]}<\/script>\n<!-- \/ Yoast SEO plugin. -->","yoast_head_json":{"title":"Impressum - Medea Live","robots":{"index":"noindex","follow":"nofollow"},"og_locale":"de_DE","og_type":"article","og_title":"Impressum - Medea Live","og_url":"https:\/\/medea-live.com\/de\/impressum\/","og_site_name":"Medea Live","article_modified_time":"2026-03-18T14:18:55+00:00","twitter_card":"summary_large_image","twitter_misc":{"Gesch\u00e4tzte Lesezeit":"1\u00a0Minute"},"schema":{"@context":"https:\/\/schema.org","@graph":[{"@type":"WebPage","@id":"https:\/\/medea-live.com\/impressum\/","url":"https:\/\/medea-live.com\/impressum\/","name":"Impressum - Medea Live","isPartOf":{"@id":"https:\/\/medea-live.com\/de\/#website"},"datePublished":"2025-03-25T15:24:10+00:00","dateModified":"2026-03-18T14:18:55+00:00","breadcrumb":{"@id":"https:\/\/medea-live.com\/impressum\/#breadcrumb"},"inLanguage":"de","potentialAction":[{"@type":"ReadAction","target":["https:\/\/medea-live.com\/impressum\/"]}]},{"@type":"BreadcrumbList","@id":"https:\/\/medea-live.com\/impressum\/#breadcrumb","itemListElement":[{"@type":"ListItem","position":1,"name":"Startseite","item":"https:\/\/medea-live.com\/"},{"@type":"ListItem","position":2,"name":"Impressum"}]},{"@type":"WebSite","@id":"https:\/\/medea-live.com\/de\/#website","url":"https:\/\/medea-live.com\/de\/","name":"Medea Live","description":"","publisher":{"@id":"https:\/\/medea-live.com\/de\/#organization"},"potentialAction":[{"@type":"SearchAction","target":{"@type":"EntryPoint","urlTemplate":"https:\/\/medea-live.com\/de\/?s={search_term_string}"},"query-input":{"@type":"PropertyValueSpecification","valueRequired":true,"valueName":"search_term_string"}}],"inLanguage":"de"},{"@type":"Organization","@id":"https:\/\/medea-live.com\/de\/#organization","name":"Medea Live","url":"https:\/\/medea-live.com\/de\/","logo":{"@type":"ImageObject","inLanguage":"de","@id":"https:\/\/medea-live.com\/de\/#\/schema\/logo\/image\/","url":"https:\/\/medea-live.com\/wp-content\/uploads\/2025\/03\/Medea_Logo_farbig_RGB.png","contentUrl":"https:\/\/medea-live.com\/wp-content\/uploads\/2025\/03\/Medea_Logo_farbig_RGB.png","width":2000,"height":2000,"caption":"Medea Live"},"image":{"@id":"https:\/\/medea-live.com\/de\/#\/schema\/logo\/image\/"}}]}},"_links":{"self":[{"href":"https:\/\/medea-live.com\/de\/wp-json\/wp\/v2\/pages\/1264","targetHints":{"allow":["GET"]}}],"collection":[{"href":"https:\/\/medea-live.com\/de\/wp-json\/wp\/v2\/pages"}],"about":[{"href":"https:\/\/medea-live.com\/de\/wp-json\/wp\/v2\/types\/page"}],"author":[{"embeddable":true,"href":"https:\/\/medea-live.com\/de\/wp-json\/wp\/v2\/users\/1"}],"replies":[{"embeddable":true,"href":"https:\/\/medea-live.com\/de\/wp-json\/wp\/v2\/comments?post=1264"}],"version-history":[{"count":16,"href":"https:\/\/medea-live.com\/de\/wp-json\/wp\/v2\/pages\/1264\/revisions"}],"predecessor-version":[{"id":1950,"href":"https:\/\/medea-live.com\/de\/wp-json\/wp\/v2\/pages\/1264\/revisions\/1950"}],"wp:attachment":[{"href":"https:\/\/medea-live.com\/de\/wp-json\/wp\/v2\/media?parent=1264"}],"curies":[{"name":"wp","href":"https:\/\/api.w.org\/{rel}","templated":true}]}}